{"id":721,"date":"2019-10-28T20:44:25","date_gmt":"2019-10-28T20:44:25","guid":{"rendered":"https:\/\/avadawebsites.wpengine.com\/author\/?page_id=721"},"modified":"2025-04-05T00:23:13","modified_gmt":"2025-04-05T00:23:13","slug":"blog","status":"publish","type":"page","link":"https:\/\/izingbiodental.com\/de\/blog\/","title":{"rendered":"Blog"},"content":{"rendered":"<div class=\"fusion-fullwidth fullwidth-box fusion-builder-row-1 fusion-flex-container has-pattern-background has-mask-background nonhundred-percent-fullwidth non-hundred-percent-height-scrolling\" style=\"--awb-border-radius-top-left:0px;--awb-border-radius-top-right:0px;--awb-border-radius-bottom-right:0px;--awb-border-radius-bottom-left:0px;--awb-flex-wrap:wrap;\" ><div class=\"fusion-builder-row fusion-row fusion-flex-align-items-flex-start fusion-flex-content-wrap\" style=\"max-width:95.68%;margin-left: calc(-4% \/ 2 );margin-right: calc(-4% \/ 2 );\"><div class=\"fusion-layout-column fusion_builder_column fusion-builder-column-0 fusion_builder_column_1_1 1_1 fusion-flex-column\" style=\"--awb-bg-size:cover;--awb-width-large:100%;--awb-margin-top-large:0px;--awb-spacing-right-large:1.92%;--awb-margin-bottom-large:20px;--awb-spacing-left-large:1.92%;--awb-width-medium:100%;--awb-order-medium:0;--awb-spacing-right-medium:1.92%;--awb-spacing-left-medium:1.92%;--awb-width-small:100%;--awb-order-small:0;--awb-spacing-right-small:1.92%;--awb-spacing-left-small:1.92%;\"><div class=\"fusion-column-wrapper fusion-column-has-shadow fusion-flex-justify-content-flex-start fusion-content-layout-column\"><div class=\"fusion-post-cards fusion-post-cards-1 fusion-grid-archive fusion-grid-columns-3\" style=\"--awb-dots-align:center;--awb-columns:3;--awb-active-filter-border-size:3px;--awb-filters-height:36px;\"><ul class=\"fusion-grid fusion-grid-3 fusion-flex-align-items-flex-start fusion-grid-posts-cards\"><li class=\"fusion-layout-column fusion_builder_column fusion-builder-column-1 fusion-flex-column post-card fusion-grid-column fusion-post-cards-grid-column\" style=\"--awb-bg-size:cover;\"><div class=\"fusion-column-wrapper fusion-flex-justify-content-flex-start fusion-content-layout-column\"><div class=\"fusion-title title fusion-title-1 fusion-sep-none fusion-title-text fusion-title-size-three\" style=\"--awb-text-color:var(--awb-color8);--awb-margin-top:25px;--awb-margin-bottom:5px;--awb-margin-top-small:16px;--awb-margin-bottom-small:10px;--awb-link-hover-color:var(--awb-color8);--awb-font-size:26px;\"><h3 class=\"fusion-title-heading title-heading-left fusion-responsive-typography-calculated\" style=\"margin:0;font-size:1em;text-transform:capitalize;--fontSize:26;--minFontSize:26;line-height:var(--awb-typography1-line-height);\"><a href=\"https:\/\/izingbiodental.com\/de\/vitamin-d\/\" class=\"awb-custom-text-color awb-custom-text-hover-color\" target=\"_self\">Vitamin D<\/a><\/h3><\/div><div class=\"fusion-meta-tb fusion-meta-tb-1 floated\" style=\"--awb-border-bottom:0px;--awb-border-top:0px;--awb-height:36px;--awb-alignment-medium:flex-start;--awb-alignment-small:flex-start;\"><span class=\"fusion-tb-published-date\">Published On: A\u011fustos 5th, 2025<\/span><span class=\"fusion-meta-tb-sep\">|<\/span><span class=\"fusion-tb-comments\"><a href=\"https:\/\/izingbiodental.com\/de\/vitamin-d\/#respond\">0 Comments<span class=\"screen-reader-text\"> on Vitamin D<\/span><\/a><\/span><span class=\"fusion-meta-tb-sep\">|<\/span><\/div><div class=\"fusion-text fusion-text-1 fusion-text-no-margin\" style=\"--awb-margin-top:20px;\"><p>Vitamin D hat in hohen Dosen nachweislich eine positive Wirkung  [...]<\/p>\n<\/div><\/div><\/li>\n<li class=\"fusion-layout-column fusion_builder_column fusion-builder-column-2 fusion-flex-column post-card fusion-grid-column fusion-post-cards-grid-column\" style=\"--awb-bg-size:cover;\"><div class=\"fusion-column-wrapper fusion-flex-justify-content-flex-start fusion-content-layout-column\"><div class=\"fusion-title title fusion-title-2 fusion-sep-none fusion-title-text fusion-title-size-three\" style=\"--awb-text-color:var(--awb-color8);--awb-margin-top:25px;--awb-margin-bottom:5px;--awb-margin-top-small:16px;--awb-margin-bottom-small:10px;--awb-link-hover-color:var(--awb-color8);--awb-font-size:26px;\"><h3 class=\"fusion-title-heading title-heading-left fusion-responsive-typography-calculated\" style=\"margin:0;font-size:1em;text-transform:capitalize;--fontSize:26;--minFontSize:26;line-height:var(--awb-typography1-line-height);\"><a href=\"https:\/\/izingbiodental.com\/de\/oil-pulling-oral-hygiene\/\" class=\"awb-custom-text-color awb-custom-text-hover-color\" target=\"_self\">\u00d6lziehen \u2013 Mundhygiene<\/a><\/h3><\/div><div class=\"fusion-meta-tb fusion-meta-tb-2 floated\" style=\"--awb-border-bottom:0px;--awb-border-top:0px;--awb-height:36px;--awb-alignment-medium:flex-start;--awb-alignment-small:flex-start;\"><span class=\"fusion-tb-published-date\">Published On: A\u011fustos 5th, 2025<\/span><span class=\"fusion-meta-tb-sep\">|<\/span><span class=\"fusion-tb-comments\"><a href=\"https:\/\/izingbiodental.com\/de\/oil-pulling-oral-hygiene\/#respond\">0 Comments<span class=\"screen-reader-text\"> on \u00d6lziehen \u2013 Mundhygiene<\/span><\/a><\/span><span class=\"fusion-meta-tb-sep\">|<\/span><\/div><div class=\"fusion-text fusion-text-2 fusion-text-no-margin\" style=\"--awb-margin-top:20px;\"><p>Die zahnmedizinischen und medizinischen Vorteile des \u00d6lziehens im Mund sind  [...]<\/p>\n<\/div><\/div><\/li>\n<li class=\"fusion-layout-column fusion_builder_column fusion-builder-column-3 fusion-flex-column post-card fusion-grid-column fusion-post-cards-grid-column\" style=\"--awb-bg-size:cover;\"><div class=\"fusion-column-wrapper fusion-flex-justify-content-flex-start fusion-content-layout-column\"><div class=\"fusion-title title fusion-title-3 fusion-sep-none fusion-title-text fusion-title-size-three\" style=\"--awb-text-color:var(--awb-color8);--awb-margin-top:25px;--awb-margin-bottom:5px;--awb-margin-top-small:16px;--awb-margin-bottom-small:10px;--awb-link-hover-color:var(--awb-color8);--awb-font-size:26px;\"><h3 class=\"fusion-title-heading title-heading-left fusion-responsive-typography-calculated\" style=\"margin:0;font-size:1em;text-transform:capitalize;--fontSize:26;--minFontSize:26;line-height:var(--awb-typography1-line-height);\"><a href=\"https:\/\/izingbiodental.com\/de\/vitamin-c\/\" class=\"awb-custom-text-color awb-custom-text-hover-color\" target=\"_self\">Vitamin C<\/a><\/h3><\/div><div class=\"fusion-meta-tb fusion-meta-tb-3 floated\" style=\"--awb-border-bottom:0px;--awb-border-top:0px;--awb-height:36px;--awb-alignment-medium:flex-start;--awb-alignment-small:flex-start;\"><span class=\"fusion-tb-published-date\">Published On: A\u011fustos 5th, 2025<\/span><span class=\"fusion-meta-tb-sep\">|<\/span><span class=\"fusion-tb-comments\"><a href=\"https:\/\/izingbiodental.com\/de\/vitamin-c\/#respond\">0 Comments<span class=\"screen-reader-text\"> on Vitamin C<\/span><\/a><\/span><span class=\"fusion-meta-tb-sep\">|<\/span><\/div><div class=\"fusion-text fusion-text-3 fusion-text-no-margin\" style=\"--awb-margin-top:20px;\"><p>Durch seine entz\u00fcndungshemmende Wirkung st\u00e4rkt Vitamin C nachweislich die Abwehrkr\u00e4fte  [...]<\/p>\n<\/div><\/div><\/li>\n<li class=\"fusion-layout-column fusion_builder_column fusion-builder-column-4 fusion-flex-column post-card fusion-grid-column fusion-post-cards-grid-column\" style=\"--awb-bg-size:cover;\"><div class=\"fusion-column-wrapper fusion-flex-justify-content-flex-start fusion-content-layout-column\"><div class=\"fusion-title title fusion-title-4 fusion-sep-none fusion-title-text fusion-title-size-three\" style=\"--awb-text-color:var(--awb-color8);--awb-margin-top:25px;--awb-margin-bottom:5px;--awb-margin-top-small:16px;--awb-margin-bottom-small:10px;--awb-link-hover-color:var(--awb-color8);--awb-font-size:26px;\"><h3 class=\"fusion-title-heading title-heading-left fusion-responsive-typography-calculated\" style=\"margin:0;font-size:1em;text-transform:capitalize;--fontSize:26;--minFontSize:26;line-height:var(--awb-typography1-line-height);\"><a href=\"https:\/\/izingbiodental.com\/de\/green-tea\/\" class=\"awb-custom-text-color awb-custom-text-hover-color\" target=\"_self\">Green Tea<\/a><\/h3><\/div><div class=\"fusion-meta-tb fusion-meta-tb-4 floated\" style=\"--awb-border-bottom:0px;--awb-border-top:0px;--awb-height:36px;--awb-alignment-medium:flex-start;--awb-alignment-small:flex-start;\"><span class=\"fusion-tb-published-date\">Published On: A\u011fustos 5th, 2025<\/span><span class=\"fusion-meta-tb-sep\">|<\/span><span class=\"fusion-tb-comments\"><a href=\"https:\/\/izingbiodental.com\/de\/green-tea\/#respond\">0 Comments<span class=\"screen-reader-text\"> on Green Tea<\/span><\/a><\/span><span class=\"fusion-meta-tb-sep\">|<\/span><\/div><div class=\"fusion-text fusion-text-4 fusion-text-no-margin\" style=\"--awb-margin-top:20px;\"><p>Gr\u00fcner Tee (Camellia sinensis) enth\u00e4lt eine Gruppe von Flavonoiden, sogenannte  [...]<\/p>\n<\/div><\/div><\/li>\n<li class=\"fusion-layout-column fusion_builder_column fusion-builder-column-5 fusion-flex-column post-card fusion-grid-column fusion-post-cards-grid-column\" style=\"--awb-bg-size:cover;\"><div class=\"fusion-column-wrapper fusion-flex-justify-content-flex-start fusion-content-layout-column\"><div class=\"fusion-title title fusion-title-5 fusion-sep-none fusion-title-text fusion-title-size-three\" style=\"--awb-text-color:var(--awb-color8);--awb-margin-top:25px;--awb-margin-bottom:5px;--awb-margin-top-small:16px;--awb-margin-bottom-small:10px;--awb-link-hover-color:var(--awb-color8);--awb-font-size:26px;\"><h3 class=\"fusion-title-heading title-heading-left fusion-responsive-typography-calculated\" style=\"margin:0;font-size:1em;text-transform:capitalize;--fontSize:26;--minFontSize:26;line-height:var(--awb-typography1-line-height);\"><a href=\"https:\/\/izingbiodental.com\/de\/ozone-therapy\/\" class=\"awb-custom-text-color awb-custom-text-hover-color\" target=\"_self\">Ozontherapie<\/a><\/h3><\/div><div class=\"fusion-meta-tb fusion-meta-tb-5 floated\" style=\"--awb-border-bottom:0px;--awb-border-top:0px;--awb-height:36px;--awb-alignment-medium:flex-start;--awb-alignment-small:flex-start;\"><span class=\"fusion-tb-published-date\">Published On: A\u011fustos 5th, 2025<\/span><span class=\"fusion-meta-tb-sep\">|<\/span><span class=\"fusion-tb-comments\"><a href=\"https:\/\/izingbiodental.com\/de\/ozone-therapy\/#respond\">0 Comments<span class=\"screen-reader-text\"> on Ozontherapie<\/span><\/a><\/span><span class=\"fusion-meta-tb-sep\">|<\/span><\/div><div class=\"fusion-text fusion-text-5 fusion-text-no-margin\" style=\"--awb-margin-top:20px;\"><p>Im Vergleich zu herk\u00f6mmlichen antimikrobiellen Wirkstoffen wie Chlorhexidin, Wasserstoffperoxid und  [...]<\/p>\n<\/div><\/div><\/li>\n<li class=\"fusion-layout-column fusion_builder_column fusion-builder-column-6 fusion-flex-column post-card fusion-grid-column fusion-post-cards-grid-column\" style=\"--awb-bg-size:cover;\"><div class=\"fusion-column-wrapper fusion-flex-justify-content-flex-start fusion-content-layout-column\"><div class=\"fusion-title title fusion-title-6 fusion-sep-none fusion-title-text fusion-title-size-three\" style=\"--awb-text-color:var(--awb-color8);--awb-margin-top:25px;--awb-margin-bottom:5px;--awb-margin-top-small:16px;--awb-margin-bottom-small:10px;--awb-link-hover-color:var(--awb-color8);--awb-font-size:26px;\"><h3 class=\"fusion-title-heading title-heading-left fusion-responsive-typography-calculated\" style=\"margin:0;font-size:1em;text-transform:capitalize;--fontSize:26;--minFontSize:26;line-height:var(--awb-typography1-line-height);\"><a href=\"https:\/\/izingbiodental.com\/de\/implants-titanium-or-zirconium-2\/\" class=\"awb-custom-text-color awb-custom-text-hover-color\" target=\"_self\">Implantate: Titan oder Zirkonium?<\/a><\/h3><\/div><div class=\"fusion-meta-tb fusion-meta-tb-6 floated\" style=\"--awb-border-bottom:0px;--awb-border-top:0px;--awb-height:36px;--awb-alignment-medium:flex-start;--awb-alignment-small:flex-start;\"><span class=\"fusion-tb-published-date\">Published On: A\u011fustos 5th, 2025<\/span><span class=\"fusion-meta-tb-sep\">|<\/span><span class=\"fusion-tb-comments\"><a href=\"https:\/\/izingbiodental.com\/de\/implants-titanium-or-zirconium-2\/#respond\">0 Comments<span class=\"screen-reader-text\"> on Implantate: Titan oder Zirkonium?<\/span><\/a><\/span><span class=\"fusion-meta-tb-sep\">|<\/span><\/div><div class=\"fusion-text fusion-text-6 fusion-text-no-margin\" style=\"--awb-margin-top:20px;\"><p>Titanimplantate? Titan hat sich in der Luft- und Raumfahrt, der  [...]<\/p>\n<\/div><\/div><\/li>\n<li class=\"fusion-layout-column fusion_builder_column fusion-builder-column-7 fusion-flex-column post-card fusion-grid-column fusion-post-cards-grid-column\" style=\"--awb-bg-size:cover;\"><div class=\"fusion-column-wrapper fusion-flex-justify-content-flex-start fusion-content-layout-column\"><div class=\"fusion-title title fusion-title-7 fusion-sep-none fusion-title-text fusion-title-size-three\" style=\"--awb-text-color:var(--awb-color8);--awb-margin-top:25px;--awb-margin-bottom:5px;--awb-margin-top-small:16px;--awb-margin-bottom-small:10px;--awb-link-hover-color:var(--awb-color8);--awb-font-size:26px;\"><h3 class=\"fusion-title-heading title-heading-left fusion-responsive-typography-calculated\" style=\"margin:0;font-size:1em;text-transform:capitalize;--fontSize:26;--minFontSize:26;line-height:var(--awb-typography1-line-height);\"><a href=\"https:\/\/izingbiodental.com\/de\/amalgam-fillings-removal\/\" class=\"awb-custom-text-color awb-custom-text-hover-color\" target=\"_self\">Amalgamf\u00fcllungsentfernung<\/a><\/h3><\/div><div class=\"fusion-meta-tb fusion-meta-tb-7 floated\" style=\"--awb-border-bottom:0px;--awb-border-top:0px;--awb-height:36px;--awb-alignment-medium:flex-start;--awb-alignment-small:flex-start;\"><span class=\"fusion-tb-published-date\">Published On: A\u011fustos 5th, 2025<\/span><span class=\"fusion-meta-tb-sep\">|<\/span><span class=\"fusion-tb-comments\"><a href=\"https:\/\/izingbiodental.com\/de\/amalgam-fillings-removal\/#respond\">0 Comments<span class=\"screen-reader-text\"> on Amalgamf\u00fcllungsentfernung<\/span><\/a><\/span><span class=\"fusion-meta-tb-sep\">|<\/span><\/div><div class=\"fusion-text fusion-text-7 fusion-text-no-margin\" style=\"--awb-margin-top:20px;\"><p>Werden Quecksilber-Amalgam-F\u00fcllungen nicht verantwortungsvoll entfernt, kann giftiges Quecksilbergas nicht nur  [...]<\/p>\n<\/div><\/div><\/li>\n<li class=\"fusion-layout-column fusion_builder_column fusion-builder-column-8 fusion-flex-column post-card fusion-grid-column fusion-post-cards-grid-column\" style=\"--awb-bg-size:cover;\"><div class=\"fusion-column-wrapper fusion-flex-justify-content-flex-start fusion-content-layout-column\"><div class=\"fusion-title title fusion-title-8 fusion-sep-none fusion-title-text fusion-title-size-three\" style=\"--awb-text-color:var(--awb-color8);--awb-margin-top:25px;--awb-margin-bottom:5px;--awb-margin-top-small:16px;--awb-margin-bottom-small:10px;--awb-link-hover-color:var(--awb-color8);--awb-font-size:26px;\"><h3 class=\"fusion-title-heading title-heading-left fusion-responsive-typography-calculated\" style=\"margin:0;font-size:1em;text-transform:capitalize;--fontSize:26;--minFontSize:26;line-height:var(--awb-typography1-line-height);\"><a href=\"https:\/\/izingbiodental.com\/de\/nonsurgical-periodontal-therapy-nspt\/\" class=\"awb-custom-text-color awb-custom-text-hover-color\" target=\"_self\">Nichtchirurgische Parodontaltherapie (NSPT)<\/a><\/h3><\/div><div class=\"fusion-meta-tb fusion-meta-tb-8 floated\" style=\"--awb-border-bottom:0px;--awb-border-top:0px;--awb-height:36px;--awb-alignment-medium:flex-start;--awb-alignment-small:flex-start;\"><span class=\"fusion-tb-published-date\">Published On: A\u011fustos 5th, 2025<\/span><span class=\"fusion-meta-tb-sep\">|<\/span><span class=\"fusion-tb-comments\"><a href=\"https:\/\/izingbiodental.com\/de\/nonsurgical-periodontal-therapy-nspt\/#respond\">0 Comments<span class=\"screen-reader-text\"> on Nichtchirurgische Parodontaltherapie (NSPT)<\/span><\/a><\/span><span class=\"fusion-meta-tb-sep\">|<\/span><\/div><div class=\"fusion-text fusion-text-8 fusion-text-no-margin\" style=\"--awb-margin-top:20px;\"><p>Nichtchirurgische Parodontitistherapie (NSPT) Parodontitis ist eine entz\u00fcndliche Erkrankung und eine  [...]<\/p>\n<\/div><\/div><\/li>\n<li class=\"fusion-layout-column fusion_builder_column fusion-builder-column-9 fusion-flex-column post-card fusion-grid-column fusion-post-cards-grid-column\" style=\"--awb-bg-size:cover;\"><div class=\"fusion-column-wrapper fusion-flex-justify-content-flex-start fusion-content-layout-column\"><div class=\"fusion-title title fusion-title-9 fusion-sep-none fusion-title-text fusion-title-size-three\" style=\"--awb-text-color:var(--awb-color8);--awb-margin-top:25px;--awb-margin-bottom:5px;--awb-margin-top-small:16px;--awb-margin-bottom-small:10px;--awb-link-hover-color:var(--awb-color8);--awb-font-size:26px;\"><h3 class=\"fusion-title-heading title-heading-left fusion-responsive-typography-calculated\" style=\"margin:0;font-size:1em;text-transform:capitalize;--fontSize:26;--minFontSize:26;line-height:var(--awb-typography1-line-height);\"><a href=\"https:\/\/izingbiodental.com\/de\/guided-biofilm-therapy-gbt\/\" class=\"awb-custom-text-color awb-custom-text-hover-color\" target=\"_self\">Gef\u00fchrte Biofilmtherapie (GBT)<\/a><\/h3><\/div><div class=\"fusion-meta-tb fusion-meta-tb-9 floated\" style=\"--awb-border-bottom:0px;--awb-border-top:0px;--awb-height:36px;--awb-alignment-medium:flex-start;--awb-alignment-small:flex-start;\"><span class=\"fusion-tb-published-date\">Published On: A\u011fustos 5th, 2025<\/span><span class=\"fusion-meta-tb-sep\">|<\/span><span class=\"fusion-tb-comments\"><a href=\"https:\/\/izingbiodental.com\/de\/guided-biofilm-therapy-gbt\/#respond\">0 Comments<span class=\"screen-reader-text\"> on Gef\u00fchrte Biofilmtherapie (GBT)<\/span><\/a><\/span><span class=\"fusion-meta-tb-sep\">|<\/span><\/div><div class=\"fusion-text fusion-text-9 fusion-text-no-margin\" style=\"--awb-margin-top:20px;\"><p>Der Zement ist eine stark verkalkte Gewebeschicht, die die Zahnwurzel  [...]<\/p>\n<\/div><\/div><\/li>\n<li class=\"fusion-layout-column fusion_builder_column fusion-builder-column-10 fusion-flex-column post-card fusion-grid-column fusion-post-cards-grid-column\" style=\"--awb-bg-size:cover;\"><div class=\"fusion-column-wrapper fusion-flex-justify-content-flex-start fusion-content-layout-column\"><div class=\"fusion-title title fusion-title-10 fusion-sep-none fusion-title-text fusion-title-size-three\" style=\"--awb-text-color:var(--awb-color8);--awb-margin-top:25px;--awb-margin-bottom:5px;--awb-margin-top-small:16px;--awb-margin-bottom-small:10px;--awb-link-hover-color:var(--awb-color8);--awb-font-size:26px;\"><h3 class=\"fusion-title-heading title-heading-left fusion-responsive-typography-calculated\" style=\"margin:0;font-size:1em;text-transform:capitalize;--fontSize:26;--minFontSize:26;line-height:var(--awb-typography1-line-height);\"><a href=\"https:\/\/izingbiodental.com\/de\/bisphenol-a-bpa-free\/\" class=\"awb-custom-text-color awb-custom-text-hover-color\" target=\"_self\">Bisphenol A (BPA) frei<\/a><\/h3><\/div><div class=\"fusion-meta-tb fusion-meta-tb-10 floated\" style=\"--awb-border-bottom:0px;--awb-border-top:0px;--awb-height:36px;--awb-alignment-medium:flex-start;--awb-alignment-small:flex-start;\"><span class=\"fusion-tb-published-date\">Published On: A\u011fustos 5th, 2025<\/span><span class=\"fusion-meta-tb-sep\">|<\/span><span class=\"fusion-tb-comments\"><a href=\"https:\/\/izingbiodental.com\/de\/bisphenol-a-bpa-free\/#respond\">0 Comments<span class=\"screen-reader-text\"> on Bisphenol A (BPA) frei<\/span><\/a><\/span><span class=\"fusion-meta-tb-sep\">|<\/span><\/div><div class=\"fusion-text fusion-text-10 fusion-text-no-margin\" style=\"--awb-margin-top:20px;\"><p>BPA wird h\u00e4ufig bei der Herstellung von Polycarbonat-Kunststoffen, Polyacrylatharzen und  [...]<\/p>\n<\/div><\/div><\/li>\n<\/ul><div class=\"pagination clearfix\"><span class=\"current\">1<\/span><a href=\"https:\/\/izingbiodental.com\/de\/wp-json\/wp\/v2\/pages\/721\/page\/2\/\" class=\"inactive\">2<\/a><a class=\"pagination-next\" rel=\"next\" href=\"https:\/\/izingbiodental.com\/de\/wp-json\/wp\/v2\/pages\/721\/page\/2\/\"><span class=\"page-text\">Next<\/span><span class=\"page-next\"><\/span><\/a><\/div><div class=\"fusion-clearfix\"><\/div><\/div><\/div><\/div><\/div><\/div>\n","protected":false},"excerpt":{"rendered":"","protected":false},"author":1,"featured_media":0,"parent":0,"menu_order":0,"comment_status":"closed","ping_status":"closed","template":"100-width.php","meta":{"inline_featured_image":false,"footnotes":""},"class_list":["post-721","page","type-page","status-publish","hentry"],"_links":{"self":[{"href":"https:\/\/izingbiodental.com\/de\/wp-json\/wp\/v2\/pages\/721","targetHints":{"allow":["GET"]}}],"collection":[{"href":"https:\/\/izingbiodental.com\/de\/wp-json\/wp\/v2\/pages"}],"about":[{"href":"https:\/\/izingbiodental.com\/de\/wp-json\/wp\/v2\/types\/page"}],"author":[{"embeddable":true,"href":"https:\/\/izingbiodental.com\/de\/wp-json\/wp\/v2\/users\/1"}],"replies":[{"embeddable":true,"href":"https:\/\/izingbiodental.com\/de\/wp-json\/wp\/v2\/comments?post=721"}],"version-history":[{"count":2,"href":"https:\/\/izingbiodental.com\/de\/wp-json\/wp\/v2\/pages\/721\/revisions"}],"predecessor-version":[{"id":2971,"href":"https:\/\/izingbiodental.com\/de\/wp-json\/wp\/v2\/pages\/721\/revisions\/2971"}],"wp:attachment":[{"href":"https:\/\/izingbiodental.com\/de\/wp-json\/wp\/v2\/media?parent=721"}],"curies":[{"name":"wp","href":"https:\/\/api.w.org\/{rel}","templated":true}]}}