{"id":2785,"date":"2019-10-21T12:02:32","date_gmt":"2019-10-21T12:02:32","guid":{"rendered":"https:\/\/avadawebsites.wpengine.com\/author\/?page_id=8"},"modified":"2025-08-06T15:53:58","modified_gmt":"2025-08-06T15:53:58","slug":"about-us","status":"publish","type":"page","link":"https:\/\/izingbiodental.com\/de\/about-us\/","title":{"rendered":"About Us"},"content":{"rendered":"<div class=\"fusion-fullwidth fullwidth-box fusion-builder-row-1 fusion-flex-container hundred-percent-fullwidth non-hundred-percent-height-scrolling\" style=\"--awb-border-radius-top-left:0px;--awb-border-radius-top-right:0px;--awb-border-radius-bottom-right:0px;--awb-border-radius-bottom-left:0px;--awb-padding-right:12%;--awb-padding-bottom:0%;--awb-padding-left:12%;--awb-padding-right-medium:8%;--awb-padding-left-medium:8%;--awb-padding-right-small:20px;--awb-padding-left-small:20px;--awb-flex-wrap:wrap;\" ><div class=\"fusion-builder-row fusion-row fusion-flex-align-items-flex-start fusion-flex-content-wrap\" style=\"width:104% !important;max-width:104% !important;margin-left: calc(-4% \/ 2 );margin-right: calc(-4% \/ 2 );\"><div class=\"fusion-layout-column fusion_builder_column fusion-builder-column-0 fusion_builder_column_2_5 2_5 fusion-flex-column fusion-animated\" style=\"--awb-bg-size:cover;--awb-width-large:40%;--awb-margin-top-large:0px;--awb-spacing-right-large:6.72%;--awb-margin-bottom-large:20px;--awb-spacing-left-large:4.8%;--awb-width-medium:100%;--awb-spacing-right-medium:1.92%;--awb-spacing-left-medium:1.92%;--awb-width-small:100%;--awb-spacing-right-small:1.92%;--awb-spacing-left-small:1.92%;\" data-animationType=\"fadeInLeft\" data-animationDuration=\"1.0\" data-animationOffset=\"top-into-view\"><div class=\"fusion-column-wrapper fusion-column-has-shadow fusion-flex-justify-content-flex-start fusion-content-layout-column\"><div class=\"fusion-image-element \" style=\"--awb-caption-title-font-family:var(--h2_typography-font-family);--awb-caption-title-font-weight:var(--h2_typography-font-weight);--awb-caption-title-font-style:var(--h2_typography-font-style);--awb-caption-title-size:var(--h2_typography-font-size);--awb-caption-title-transform:var(--h2_typography-text-transform);--awb-caption-title-line-height:var(--h2_typography-line-height);--awb-caption-title-letter-spacing:var(--h2_typography-letter-spacing);\"><span class=\" fusion-imageframe imageframe-none imageframe-1 hover-type-none\"><img decoding=\"async\" width=\"1768\" height=\"1690\" title=\"izing-about\" src=\"https:\/\/izingbiodental.com\/de\/wp-content\/uploads\/2025\/02\/izing-about.jpg\" data-orig-src=\"http:\/\/izingbiodental.com\/de\/wp-content\/uploads\/2025\/02\/izing-about.jpg\" alt class=\"lazyload img-responsive wp-image-2838\" srcset=\"data:image\/svg+xml,%3Csvg%20xmlns%3D%27http%3A%2F%2Fwww.w3.org%2F2000%2Fsvg%27%20width%3D%271768%27%20height%3D%271690%27%20viewBox%3D%270%200%201768%201690%27%3E%3Crect%20width%3D%271768%27%20height%3D%271690%27%20fill-opacity%3D%220%22%2F%3E%3C%2Fsvg%3E\" data-srcset=\"https:\/\/izingbiodental.com\/de\/wp-content\/uploads\/2025\/02\/izing-about-200x191.jpg 200w, https:\/\/izingbiodental.com\/de\/wp-content\/uploads\/2025\/02\/izing-about-400x382.jpg 400w, https:\/\/izingbiodental.com\/de\/wp-content\/uploads\/2025\/02\/izing-about-600x574.jpg 600w, https:\/\/izingbiodental.com\/de\/wp-content\/uploads\/2025\/02\/izing-about-800x765.jpg 800w, https:\/\/izingbiodental.com\/de\/wp-content\/uploads\/2025\/02\/izing-about-1200x1147.jpg 1200w, https:\/\/izingbiodental.com\/de\/wp-content\/uploads\/2025\/02\/izing-about.jpg 1768w\" data-sizes=\"auto\" data-orig-sizes=\"(max-width: 1075px) 100vw, (max-width: 640px) 100vw, 800px\" \/><\/span><\/div><\/div><\/div><div class=\"fusion-layout-column fusion_builder_column fusion-builder-column-1 fusion_builder_column_3_5 3_5 fusion-flex-column fusion-animated\" style=\"--awb-bg-size:cover;--awb-width-large:60%;--awb-margin-top-large:0px;--awb-spacing-right-large:3.2%;--awb-margin-bottom-large:20px;--awb-spacing-left-large:6.72%;--awb-width-medium:100%;--awb-spacing-right-medium:1.92%;--awb-spacing-left-medium:1.92%;--awb-width-small:100%;--awb-spacing-right-small:1.92%;--awb-spacing-left-small:1.92%;\" data-animationType=\"fadeInRight\" data-animationDuration=\"1.0\" data-animationOffset=\"top-into-view\"><div class=\"fusion-column-wrapper fusion-column-has-shadow fusion-flex-justify-content-flex-start fusion-content-layout-column\"><div class=\"fusion-title title fusion-title-1 fusion-sep-none fusion-title-center fusion-title-text fusion-title-size-two\" style=\"--awb-text-color:var(--awb-color5);--awb-margin-bottom:20px;--awb-sep-color:hsla(var(--awb-color3-h),var(--awb-color3-s),calc(var(--awb-color3-l) + 15%),var(--awb-color3-a));--awb-font-size:60px;\"><h2 class=\"fusion-title-heading title-heading-center fusion-responsive-typography-calculated\" style=\"margin:0;font-size:1em;text-transform:capitalize;--fontSize:60;line-height:var(--awb-typography1-line-height);\">Willkommen<\/h2><\/div><div class=\"fusion-text fusion-text-1 awb-text-cols fusion-text-columns-2 fusion-no-small-visibility\" style=\"--awb-columns:2;--awb-column-spacing:8%;--awb-column-min-width:100px;--awb-rule-style:1px solid hsla(var(--awb-color3-h),var(--awb-color3-s),calc(var(--awb-color3-l) + 15%),var(--awb-color3-a));\"><p>Wir bei \u201ei-zing\u201c sind stolz darauf, h\u00f6chste Standards in der Zahnmedizin zu bieten. Unsere Fachzahn\u00e4rzte verf\u00fcgen \u00fcber h\u00f6chste Qualifikationen und Erfahrung in ihren jeweiligen Behandlungsgebieten. Zu unseren Mitarbeitern z\u00e4hlen Professoren und Hochschul\u00e4rzte! Unsere Klinik in Antalya, T\u00fcrkei, erstreckt sich \u00fcber zwei Etagen. Das Erdgeschoss ist ausschlie\u00dflich der ganzheitlichen und biologischen Zahnmedizin gewidmet.<\/p>\n<p>Das \u201ei-zing\u201c-Konzept erm\u00f6glicht unseren Patienten die Wahl zwischen allgemein anerkannten Zahnbehandlungen und ganzheitlichen biologischen Behandlungsverfahren, die f\u00fcr die wachsende Zahl von Menschen mit individuellen Problemen mit der Allgemeinzahnmedizin verf\u00fcgbar sind. Unsere erschwingliche ganzheitliche Zahnmedizin ist eine Premiere in Antalya und erg\u00e4nzt das breite Angebot an zahnmedizinischen Behandlungsm\u00f6glichkeiten in der Stadt.<\/p>\n<\/div><div class=\"fusion-text fusion-text-2 fusion-no-medium-visibility fusion-no-large-visibility\"><p>We at \u2018i-zing\u2019 take pride in offering the highest standards in dentistry. Our specialist dentists have the highest qualifications and experience in each of their fields of treatment, indeed, we have professors and academic physicians amongst our ranks! Our clinic, based in Antalya, Turkey, is configured on two floors, the ground floor being purely dedicated to \u2018holistic\u2019 and \u2018bio-dentistry\u2019.<\/p>\n<p>\u200b<\/p>\n<p>The \u2018i-zing\u2019 dentistry concept allows our clients to choose between generally accepted dental treatment, or the holistic bio-treatment procedures available for the growing number of people who have personal concerns with the former. A first in Antalya, our affordable holistic dentistry, adds to the wide range of dental treatment possibilities available in the city.\u201d<\/p>\n<\/div><\/div><\/div><\/div><\/div>\n","protected":false},"excerpt":{"rendered":"","protected":false},"author":1,"featured_media":0,"parent":0,"menu_order":0,"comment_status":"closed","ping_status":"closed","template":"100-width.php","meta":{"inline_featured_image":false,"footnotes":""},"class_list":["post-2785","page","type-page","status-publish","hentry"],"_links":{"self":[{"href":"https:\/\/izingbiodental.com\/de\/wp-json\/wp\/v2\/pages\/2785","targetHints":{"allow":["GET"]}}],"collection":[{"href":"https:\/\/izingbiodental.com\/de\/wp-json\/wp\/v2\/pages"}],"about":[{"href":"https:\/\/izingbiodental.com\/de\/wp-json\/wp\/v2\/types\/page"}],"author":[{"embeddable":true,"href":"https:\/\/izingbiodental.com\/de\/wp-json\/wp\/v2\/users\/1"}],"replies":[{"embeddable":true,"href":"https:\/\/izingbiodental.com\/de\/wp-json\/wp\/v2\/comments?post=2785"}],"version-history":[{"count":5,"href":"https:\/\/izingbiodental.com\/de\/wp-json\/wp\/v2\/pages\/2785\/revisions"}],"predecessor-version":[{"id":3079,"href":"https:\/\/izingbiodental.com\/de\/wp-json\/wp\/v2\/pages\/2785\/revisions\/3079"}],"wp:attachment":[{"href":"https:\/\/izingbiodental.com\/de\/wp-json\/wp\/v2\/media?parent=2785"}],"curies":[{"name":"wp","href":"https:\/\/api.w.org\/{rel}","templated":true}]}}